{"id":9311,"date":"2023-09-25T09:19:18","date_gmt":"2023-09-25T09:19:18","guid":{"rendered":"https:\/\/spmlda.pt\/?page_id=9311"},"modified":"2023-09-26T09:34:31","modified_gmt":"2023-09-26T09:34:31","slug":"politica-de-cookies","status":"publish","type":"page","link":"https:\/\/spmgrupo.pt\/en\/politica-de-cookies\/","title":{"rendered":"Cookie Policy"},"content":{"rendered":"<div data-elementor-type=\"wp-page\" data-elementor-id=\"9311\" class=\"elementor elementor-9311\" data-elementor-post-type=\"page\">\n\t\t\t\t\t\t<section class=\"elementor-section elementor-top-section elementor-element elementor-element-4b664bf sec elementor-section-height-min-height elementor-section-full_width elementor-section-height-default elementor-section-items-middle qodef-elementor-content-no\" data-id=\"4b664bf\" data-element_type=\"section\" data-settings=\"{&quot;background_background&quot;:&quot;classic&quot;}\">\n\t\t\t\t\t\t\t<div class=\"elementor-background-overlay\"><\/div>\n\t\t\t\t\t\t\t<div class=\"elementor-container elementor-column-gap-default\">\n\t\t\t\t\t<div class=\"elementor-column elementor-col-100 elementor-top-column elementor-element elementor-element-004ee92\" data-id=\"004ee92\" data-element_type=\"column\">\n\t\t\t<div class=\"elementor-widget-wrap elementor-element-populated\">\n\t\t\t\t\t\t<div class=\"elementor-element elementor-element-83d8f0a elementor-widget elementor-widget-heading\" data-id=\"83d8f0a\" data-element_type=\"widget\" data-widget_type=\"heading.default\">\n\t\t\t\t<div class=\"elementor-widget-container\">\n\t\t\t<h2 class=\"elementor-heading-title elementor-size-default\">Cookie Policy<\/h2>\t\t<\/div>\n\t\t\t\t<\/div>\n\t\t\t\t\t<\/div>\n\t\t<\/div>\n\t\t\t\t\t<\/div>\n\t\t<\/section>\n\t\t\t\t<section class=\"elementor-section elementor-top-section elementor-element elementor-element-8132eba elementor-section-full_width elementor-section-height-default elementor-section-height-default qodef-elementor-content-no\" data-id=\"8132eba\" data-element_type=\"section\">\n\t\t\t\t\t\t<div class=\"elementor-container elementor-column-gap-default\">\n\t\t\t\t\t<div class=\"elementor-column elementor-col-100 elementor-top-column elementor-element elementor-element-cdf2b43\" data-id=\"cdf2b43\" data-element_type=\"column\">\n\t\t\t<div class=\"elementor-widget-wrap elementor-element-populated\">\n\t\t\t\t\t\t<div class=\"elementor-element elementor-element-3b9866e elementor-align-left elementor-widget elementor-widget-breadcrumbs\" data-id=\"3b9866e\" data-element_type=\"widget\" data-widget_type=\"breadcrumbs.default\">\n\t\t\t\t<div class=\"elementor-widget-container\">\n\t\t\t<p id=\"breadcrumbs\"><span><span><a href=\"https:\/\/spmgrupo.pt\/en\/\">Home<\/a><\/span><\/span><\/p>\t\t<\/div>\n\t\t\t\t<\/div>\n\t\t\t\t\t<\/div>\n\t\t<\/div>\n\t\t\t\t\t<\/div>\n\t\t<\/section>\n\t\t\t\t<section class=\"elementor-section elementor-top-section elementor-element elementor-element-54deef5 elementor-section-full_width elementor-section-height-default elementor-section-height-default qodef-elementor-content-no\" data-id=\"54deef5\" data-element_type=\"section\">\n\t\t\t\t\t\t<div class=\"elementor-container elementor-column-gap-default\">\n\t\t\t\t\t<div class=\"elementor-column elementor-col-100 elementor-top-column elementor-element elementor-element-26d5fc0\" data-id=\"26d5fc0\" data-element_type=\"column\">\n\t\t\t<div class=\"elementor-widget-wrap elementor-element-populated\">\n\t\t\t\t\t\t<div class=\"elementor-element elementor-element-75d131b elementor-widget elementor-widget-text-editor\" data-id=\"75d131b\" data-element_type=\"widget\" data-widget_type=\"text-editor.default\">\n\t\t\t\t<div class=\"elementor-widget-container\">\n\t\t\t\t\t\t\t<p><strong>Latest update: 25\/09\/2023<\/strong><\/p><p>This website uses cookies to improve your user experience. Below we explain what cookies are, how we use them and how you can control your cookie preferences.<\/p><p><strong>1. What are cookies?<\/strong><\/p><p>Cookies are small text files stored on your device (computer, tablet, smartphone, etc.) when you visit a website. They are widely used to make websites functional or efficient, as well as providing information to their owners.<\/p><p><strong>2. How we use cookies<\/strong><\/p><p>We use cookies for various reasons, including:<\/p><ul><li><strong>Cookies Required:<\/strong> These cookies are essential for the website to function. They allow you to browse the site and use our features.<\/li><li><strong>Performance Cookies:<\/strong> These cookies collect information about how visitors use the site, for example, the pages they visit the most. This data helps us to improve the site and understand how it is being used.<\/li><li><strong>Functionality Cookies:<\/strong> These cookies are used to remember your preferences, such as language and region, to provide you with a personalized experience.<\/li><li><strong>Advertising Cookies:<\/strong> We may use cookies to deliver relevant advertisements to you based on your interests. These cookies track your browsing activity on different websites.<\/li><\/ul><p><strong>3. Cookie control<\/strong><\/p><p>You have the right to accept or refuse cookies. Most browsers allow you to control the use of cookies through the preference settings. However, refusing cookies may affect your experience on the site.<\/p><p><strong>4. Third-party cookies<\/strong><\/p><p>This website may also include embedded content or resources provided by third parties, such as embedded YouTube videos or social media sharing buttons. Third-party cookies may be used by these websites to track your interaction with the embedded content. We recommend checking the cookie policies of these websites for additional information on how they use cookies.<\/p><p><strong>5. Changes to this Cookie Policy<\/strong><\/p><p>We reserve the right to update this cookie policy periodically to reflect any changes in cookie practices. The date of the last update will be displayed at the beginning of this policy.<\/p><p><strong>6. Contact<\/strong><\/p><p>If you have any questions about this cookie policy, please contact us:<\/p><ul><li>SPM &#8211; Sociedade de Pedreiras do Marco<\/li><li>geral@spmlda.pt<\/li><li>Rua da Serrinha, 1375,4575-049 Alpendorada, V\u00e1rzea e Torr\u00e3o, Portugal<\/li><\/ul>\t\t\t\t\t\t<\/div>\n\t\t\t\t<\/div>\n\t\t\t\t\t<\/div>\n\t\t<\/div>\n\t\t\t\t\t<\/div>\n\t\t<\/section>\n\t\t\t\t<\/div>","protected":false},"excerpt":{"rendered":"<p>Pol\u00edtica de Cookies \u00daltima atualiza\u00e7\u00e3o: 25\/09\/2023 Este site utiliza cookies para melhorar a sua experi\u00eancia enquanto utilizador. Abaixo, explicamos o que s\u00e3o cookies, como os utilizamos e como pode controlar suas prefer\u00eancias de cookies. 1. O que s\u00e3o Cookies? Cookies s\u00e3o pequenos arquivos de texto armazenados em seu dispositivo (computador, tablet, smartphone, etc.) quando visita [&hellip;]<\/p>","protected":false},"author":1,"featured_media":0,"parent":0,"menu_order":0,"comment_status":"closed","ping_status":"closed","template":"page-full-width.php","meta":{"footnotes":""},"class_list":["post-9311","page","type-page","status-publish","hentry"],"yoast_head":"<!-- This site is optimized with the Yoast SEO plugin v24.2 - https:\/\/yoast.com\/wordpress\/plugins\/seo\/ -->\n<title>Pol\u00edtica de Cookies - SPM Group<\/title>\n<meta name=\"robots\" content=\"index, follow, max-snippet:-1, max-image-preview:large, max-video-preview:-1\" \/>\n<link rel=\"canonical\" href=\"https:\/\/spmgrupo.pt\/en\/politica-de-cookies\/\" \/>\n<meta property=\"og:locale\" content=\"en_GB\" \/>\n<meta property=\"og:type\" content=\"article\" \/>\n<meta property=\"og:title\" content=\"Pol\u00edtica de Cookies - SPM Group\" \/>\n<meta property=\"og:description\" content=\"Pol\u00edtica de Cookies \u00daltima atualiza\u00e7\u00e3o: 25\/09\/2023 Este site utiliza cookies para melhorar a sua experi\u00eancia enquanto utilizador. Abaixo, explicamos o que s\u00e3o cookies, como os utilizamos e como pode controlar suas prefer\u00eancias de cookies. 1. O que s\u00e3o Cookies? Cookies s\u00e3o pequenos arquivos de texto armazenados em seu dispositivo (computador, tablet, smartphone, etc.) quando visita [&hellip;]\" \/>\n<meta property=\"og:url\" content=\"https:\/\/spmgrupo.pt\/en\/politica-de-cookies\/\" \/>\n<meta property=\"og:site_name\" content=\"SPM Group\" \/>\n<meta property=\"article:modified_time\" content=\"2023-09-26T09:34:31+00:00\" \/>\n<meta name=\"twitter:card\" content=\"summary_large_image\" \/>\n<meta name=\"twitter:label1\" content=\"Estimated reading time\" \/>\n\t<meta name=\"twitter:data1\" content=\"2 minutes\" \/>\n<script type=\"application\/ld+json\" class=\"yoast-schema-graph\">{\"@context\":\"https:\/\/schema.org\",\"@graph\":[{\"@type\":\"WebPage\",\"@id\":\"https:\/\/spmgrupo.pt\/politica-de-cookies\/\",\"url\":\"https:\/\/spmgrupo.pt\/politica-de-cookies\/\",\"name\":\"Pol\u00edtica de Cookies - SPM Group\",\"isPartOf\":{\"@id\":\"https:\/\/spmgrupo.pt\/#website\"},\"datePublished\":\"2023-09-25T09:19:18+00:00\",\"dateModified\":\"2023-09-26T09:34:31+00:00\",\"breadcrumb\":{\"@id\":\"https:\/\/spmgrupo.pt\/politica-de-cookies\/#breadcrumb\"},\"inLanguage\":\"en-GB\",\"potentialAction\":[{\"@type\":\"ReadAction\",\"target\":[\"https:\/\/spmgrupo.pt\/politica-de-cookies\/\"]}]},{\"@type\":\"BreadcrumbList\",\"@id\":\"https:\/\/spmgrupo.pt\/politica-de-cookies\/#breadcrumb\",\"itemListElement\":[{\"@type\":\"ListItem\",\"position\":1,\"name\":\"Home\",\"item\":\"https:\/\/spmgrupo.pt\/\"},{\"@type\":\"ListItem\",\"position\":2,\"name\":\"Pol\u00edtica de Cookies\"}]},{\"@type\":\"WebSite\",\"@id\":\"https:\/\/spmgrupo.pt\/#website\",\"url\":\"https:\/\/spmgrupo.pt\/\",\"name\":\"SPM Group\",\"description\":\"Sociedade Pedreiras do Marco\",\"potentialAction\":[{\"@type\":\"SearchAction\",\"target\":{\"@type\":\"EntryPoint\",\"urlTemplate\":\"https:\/\/spmgrupo.pt\/?s={search_term_string}\"},\"query-input\":{\"@type\":\"PropertyValueSpecification\",\"valueRequired\":true,\"valueName\":\"search_term_string\"}}],\"inLanguage\":\"en-GB\"}]}<\/script>\n<!-- \/ Yoast SEO plugin. -->","yoast_head_json":{"title":"Pol\u00edtica de Cookies - SPM Group","robots":{"index":"index","follow":"follow","max-snippet":"max-snippet:-1","max-image-preview":"max-image-preview:large","max-video-preview":"max-video-preview:-1"},"canonical":"https:\/\/spmgrupo.pt\/en\/politica-de-cookies\/","og_locale":"en_GB","og_type":"article","og_title":"Pol\u00edtica de Cookies - SPM Group","og_description":"Pol\u00edtica de Cookies \u00daltima atualiza\u00e7\u00e3o: 25\/09\/2023 Este site utiliza cookies para melhorar a sua experi\u00eancia enquanto utilizador. Abaixo, explicamos o que s\u00e3o cookies, como os utilizamos e como pode controlar suas prefer\u00eancias de cookies. 1. O que s\u00e3o Cookies? Cookies s\u00e3o pequenos arquivos de texto armazenados em seu dispositivo (computador, tablet, smartphone, etc.) quando visita [&hellip;]","og_url":"https:\/\/spmgrupo.pt\/en\/politica-de-cookies\/","og_site_name":"SPM Group","article_modified_time":"2023-09-26T09:34:31+00:00","twitter_card":"summary_large_image","twitter_misc":{"Estimated reading time":"2 minutes"},"schema":{"@context":"https:\/\/schema.org","@graph":[{"@type":"WebPage","@id":"https:\/\/spmgrupo.pt\/politica-de-cookies\/","url":"https:\/\/spmgrupo.pt\/politica-de-cookies\/","name":"Pol\u00edtica de Cookies - SPM Group","isPartOf":{"@id":"https:\/\/spmgrupo.pt\/#website"},"datePublished":"2023-09-25T09:19:18+00:00","dateModified":"2023-09-26T09:34:31+00:00","breadcrumb":{"@id":"https:\/\/spmgrupo.pt\/politica-de-cookies\/#breadcrumb"},"inLanguage":"en-GB","potentialAction":[{"@type":"ReadAction","target":["https:\/\/spmgrupo.pt\/politica-de-cookies\/"]}]},{"@type":"BreadcrumbList","@id":"https:\/\/spmgrupo.pt\/politica-de-cookies\/#breadcrumb","itemListElement":[{"@type":"ListItem","position":1,"name":"Home","item":"https:\/\/spmgrupo.pt\/"},{"@type":"ListItem","position":2,"name":"Pol\u00edtica de Cookies"}]},{"@type":"WebSite","@id":"https:\/\/spmgrupo.pt\/#website","url":"https:\/\/spmgrupo.pt\/","name":"SPM Group","description":"Sociedade Pedreiras do Marco","potentialAction":[{"@type":"SearchAction","target":{"@type":"EntryPoint","urlTemplate":"https:\/\/spmgrupo.pt\/?s={search_term_string}"},"query-input":{"@type":"PropertyValueSpecification","valueRequired":true,"valueName":"search_term_string"}}],"inLanguage":"en-GB"}]}},"_links":{"self":[{"href":"https:\/\/spmgrupo.pt\/en\/wp-json\/wp\/v2\/pages\/9311","targetHints":{"allow":["GET"]}}],"collection":[{"href":"https:\/\/spmgrupo.pt\/en\/wp-json\/wp\/v2\/pages"}],"about":[{"href":"https:\/\/spmgrupo.pt\/en\/wp-json\/wp\/v2\/types\/page"}],"author":[{"embeddable":true,"href":"https:\/\/spmgrupo.pt\/en\/wp-json\/wp\/v2\/users\/1"}],"replies":[{"embeddable":true,"href":"https:\/\/spmgrupo.pt\/en\/wp-json\/wp\/v2\/comments?post=9311"}],"version-history":[{"count":0,"href":"https:\/\/spmgrupo.pt\/en\/wp-json\/wp\/v2\/pages\/9311\/revisions"}],"wp:attachment":[{"href":"https:\/\/spmgrupo.pt\/en\/wp-json\/wp\/v2\/media?parent=9311"}],"curies":[{"name":"wp","href":"https:\/\/api.w.org\/{rel}","templated":true}]}}