{"id":5934,"date":"2023-08-29T12:04:04","date_gmt":"2023-08-29T12:04:04","guid":{"rendered":"https:\/\/spmlda.pt\/?page_id=5934"},"modified":"2023-10-23T11:04:00","modified_gmt":"2023-10-23T11:04:00","slug":"documentacao","status":"publish","type":"page","link":"https:\/\/spmgrupo.pt\/en\/documentacao\/","title":{"rendered":"Documentation"},"content":{"rendered":"<div data-elementor-type=\"wp-page\" data-elementor-id=\"5934\" class=\"elementor elementor-5934\" data-elementor-post-type=\"page\">\n\t\t\t\t\t\t<section class=\"elementor-section elementor-top-section elementor-element elementor-element-4b664bf sec elementor-section-height-min-height elementor-section-full_width elementor-section-height-default elementor-section-items-middle qodef-elementor-content-no\" data-id=\"4b664bf\" data-element_type=\"section\" data-e-type=\"section\" data-settings=\"{&quot;background_background&quot;:&quot;classic&quot;}\">\n\t\t\t\t\t\t\t<div class=\"elementor-background-overlay\"><\/div>\n\t\t\t\t\t\t\t<div class=\"elementor-container elementor-column-gap-default\">\n\t\t\t\t\t<div class=\"elementor-column elementor-col-100 elementor-top-column elementor-element elementor-element-004ee92\" data-id=\"004ee92\" data-element_type=\"column\" data-e-type=\"column\">\n\t\t\t<div class=\"elementor-widget-wrap elementor-element-populated\">\n\t\t\t\t\t\t<div class=\"elementor-element elementor-element-83d8f0a elementor-widget elementor-widget-heading\" data-id=\"83d8f0a\" data-element_type=\"widget\" data-e-type=\"widget\" data-widget_type=\"heading.default\">\n\t\t\t\t<div class=\"elementor-widget-container\">\n\t\t\t\t\t<h2 class=\"elementor-heading-title elementor-size-default\">Documentation<\/h2>\t\t\t\t<\/div>\n\t\t\t\t<\/div>\n\t\t\t\t\t<\/div>\n\t\t<\/div>\n\t\t\t\t\t<\/div>\n\t\t<\/section>\n\t\t\t\t<section class=\"elementor-section elementor-top-section elementor-element elementor-element-8132eba elementor-section-full_width elementor-section-height-default elementor-section-height-default qodef-elementor-content-no\" data-id=\"8132eba\" data-element_type=\"section\" data-e-type=\"section\">\n\t\t\t\t\t\t<div class=\"elementor-container elementor-column-gap-default\">\n\t\t\t\t\t<div class=\"elementor-column elementor-col-100 elementor-top-column elementor-element elementor-element-cdf2b43\" data-id=\"cdf2b43\" data-element_type=\"column\" data-e-type=\"column\">\n\t\t\t<div class=\"elementor-widget-wrap elementor-element-populated\">\n\t\t\t\t\t\t<div class=\"elementor-element elementor-element-3b9866e elementor-align-left elementor-widget elementor-widget-breadcrumbs\" data-id=\"3b9866e\" data-element_type=\"widget\" data-e-type=\"widget\" data-widget_type=\"breadcrumbs.default\">\n\t\t\t\t<div class=\"elementor-widget-container\">\n\t\t\t\t\t<p id=\"breadcrumbs\"><span><span><a href=\"https:\/\/spmgrupo.pt\/en\/\">Home<\/a><\/span><\/span><\/p>\t\t\t\t<\/div>\n\t\t\t\t<\/div>\n\t\t\t\t\t<\/div>\n\t\t<\/div>\n\t\t\t\t\t<\/div>\n\t\t<\/section>\n\t\t\t\t<section class=\"elementor-section elementor-top-section elementor-element elementor-element-05f4865 elementor-section-full_width elementor-section-height-default elementor-section-height-default qodef-elementor-content-no\" data-id=\"05f4865\" data-element_type=\"section\" data-e-type=\"section\">\n\t\t\t\t\t\t<div class=\"elementor-container elementor-column-gap-default\">\n\t\t\t\t\t<div class=\"elementor-column elementor-col-100 elementor-top-column elementor-element elementor-element-d908482\" data-id=\"d908482\" data-element_type=\"column\" data-e-type=\"column\">\n\t\t\t<div class=\"elementor-widget-wrap elementor-element-populated\">\n\t\t\t\t\t\t<section class=\"elementor-section elementor-inner-section elementor-element elementor-element-6ce1516 elementor-section-full_width elementor-section-height-default elementor-section-height-default qodef-elementor-content-no\" data-id=\"6ce1516\" data-element_type=\"section\" data-e-type=\"section\">\n\t\t\t\t\t\t<div class=\"elementor-container elementor-column-gap-default\">\n\t\t\t\t\t<div class=\"elementor-column elementor-col-50 elementor-inner-column elementor-element elementor-element-73b6898\" data-id=\"73b6898\" data-element_type=\"column\" data-e-type=\"column\">\n\t\t\t<div class=\"elementor-widget-wrap elementor-element-populated\">\n\t\t\t\t\t\t<div class=\"elementor-element elementor-element-e5f42bf elementor-widget__width-initial elementor-widget-mobile__width-inherit elementor-widget elementor-widget-stal_core_section_title\" data-id=\"e5f42bf\" data-element_type=\"widget\" data-e-type=\"widget\" data-widget_type=\"stal_core_section_title.default\">\n\t\t\t\t<div class=\"elementor-widget-container\">\n\t\t\t\t\t<div class=\"qodef-shortcode qodef-m  qodef-section-title qodef-alignment--left  qodef-title-with-tagline\">\n\t\t<div class=\"qodef-m-title-wrap\">\n\t        <h6 class=\"qodef-m-title-tagline\" style=\"color: #C2B59C\">SPM<\/h6>\n    \t<h2 class=\"qodef-m-title\" >\n\t\t\t\t\tDocumentation\t\t\t<\/h2>\n\t\n\t<\/div>\n\t<\/div>\t\t\t\t<\/div>\n\t\t\t\t<\/div>\n\t\t\t\t\t<\/div>\n\t\t<\/div>\n\t\t\t\t<div class=\"elementor-column elementor-col-50 elementor-inner-column elementor-element elementor-element-e7aa82e\" data-id=\"e7aa82e\" data-element_type=\"column\" data-e-type=\"column\">\n\t\t\t<div class=\"elementor-widget-wrap\">\n\t\t\t\t\t\t\t<\/div>\n\t\t<\/div>\n\t\t\t\t\t<\/div>\n\t\t<\/section>\n\t\t\t\t<section class=\"elementor-section elementor-inner-section elementor-element elementor-element-bf34ef7 elementor-section-full_width elementor-section-height-default elementor-section-height-default qodef-elementor-content-no\" data-id=\"bf34ef7\" data-element_type=\"section\" data-e-type=\"section\">\n\t\t\t\t\t\t<div class=\"elementor-container elementor-column-gap-default\">\n\t\t\t\t\t<div class=\"elementor-column elementor-col-50 elementor-inner-column elementor-element elementor-element-129a0e9\" data-id=\"129a0e9\" data-element_type=\"column\" data-e-type=\"column\">\n\t\t\t<div class=\"elementor-widget-wrap elementor-element-populated\">\n\t\t\t\t\t\t<div class=\"elementor-element elementor-element-75d131b elementor-widget elementor-widget-text-editor\" data-id=\"75d131b\" data-element_type=\"widget\" data-e-type=\"widget\" data-widget_type=\"text-editor.default\">\n\t\t\t\t<div class=\"elementor-widget-container\">\n\t\t\t\t\t\t\t\t\t<p>We value knowledge sharing and are committed to providing resources that can support your informed decisions and effective collaboration.<\/p>\t\t\t\t\t\t\t\t<\/div>\n\t\t\t\t<\/div>\n\t\t\t\t\t<\/div>\n\t\t<\/div>\n\t\t\t\t<div class=\"elementor-column elementor-col-50 elementor-inner-column elementor-element elementor-element-42eb844\" data-id=\"42eb844\" data-element_type=\"column\" data-e-type=\"column\">\n\t\t\t<div class=\"elementor-widget-wrap elementor-element-populated\">\n\t\t\t\t\t\t<div class=\"elementor-element elementor-element-af92cd3 elementor-widget elementor-widget-text-editor\" data-id=\"af92cd3\" data-element_type=\"widget\" data-e-type=\"widget\" data-widget_type=\"text-editor.default\">\n\t\t\t\t<div class=\"elementor-widget-container\">\n\t\t\t\t\t\t\t\t\t<p>Here you can find essential information on the general terms and conditions of sale.<\/p>\t\t\t\t\t\t\t\t<\/div>\n\t\t\t\t<\/div>\n\t\t\t\t\t<\/div>\n\t\t<\/div>\n\t\t\t\t\t<\/div>\n\t\t<\/section>\n\t\t\t\t\t<\/div>\n\t\t<\/div>\n\t\t\t\t\t<\/div>\n\t\t<\/section>\n\t\t\t\t<section class=\"elementor-section elementor-top-section elementor-element elementor-element-c3a5f2c elementor-section-full_width elementor-section-height-default elementor-section-height-default qodef-elementor-content-no\" data-id=\"c3a5f2c\" data-element_type=\"section\" data-e-type=\"section\">\n\t\t\t\t\t\t<div class=\"elementor-container elementor-column-gap-default\">\n\t\t\t\t\t<div class=\"elementor-column elementor-col-50 elementor-top-column elementor-element elementor-element-a756e06\" data-id=\"a756e06\" data-element_type=\"column\" data-e-type=\"column\">\n\t\t\t<div class=\"elementor-widget-wrap elementor-element-populated\">\n\t\t\t\t\t\t<div class=\"elementor-element elementor-element-f1a7891 elementor-widget elementor-widget-stal_core_icon_list_item\" data-id=\"f1a7891\" data-element_type=\"widget\" data-e-type=\"widget\" data-widget_type=\"stal_core_icon_list_item.default\">\n\t\t\t\t<div class=\"elementor-widget-container\">\n\t\t\t\t\t<div class=\"qodef-icon-list-item qodef-icon--predefined qodef-alignment--center\" >\n\t<p class=\"qodef-e-title\" style=\"color: #747474\">\n\t\t\t\t\t<a itemprop=\"url\" href=\"#\" target=\"_self\">\n\t\t\t\t\t<span class=\"qodef-e-title-inner\">\n\t\t\t\t<span class=\"qodef-m-predefined-icon\">\n\t<span class=\"qodef-icon-linea-icons icon-arrows-right\" ><\/span><\/span>\t\t\t\t<span class=\"qodef-e-title-text\" >Documento A<\/span>\n\t\t\t<\/span>\n\t\t\t\t\t<\/a>\n\t\t\t<\/p>\n<\/div>\t\t\t\t<\/div>\n\t\t\t\t<\/div>\n\t\t\t\t<div class=\"elementor-element elementor-element-8b5e65b elementor-widget elementor-widget-stal_core_icon_list_item\" data-id=\"8b5e65b\" data-element_type=\"widget\" data-e-type=\"widget\" data-widget_type=\"stal_core_icon_list_item.default\">\n\t\t\t\t<div class=\"elementor-widget-container\">\n\t\t\t\t\t<div class=\"qodef-icon-list-item qodef-icon--predefined qodef-alignment--center\" >\n\t<p class=\"qodef-e-title\" style=\"color: #747474\">\n\t\t\t\t\t<a itemprop=\"url\" href=\"#\" target=\"_self\">\n\t\t\t\t\t<span class=\"qodef-e-title-inner\">\n\t\t\t\t<span class=\"qodef-m-predefined-icon\">\n\t<span class=\"qodef-icon-linea-icons icon-arrows-right\" ><\/span><\/span>\t\t\t\t<span class=\"qodef-e-title-text\" >Documento B<\/span>\n\t\t\t<\/span>\n\t\t\t\t\t<\/a>\n\t\t\t<\/p>\n<\/div>\t\t\t\t<\/div>\n\t\t\t\t<\/div>\n\t\t\t\t<div class=\"elementor-element elementor-element-1e46392 elementor-widget elementor-widget-stal_core_icon_list_item\" data-id=\"1e46392\" data-element_type=\"widget\" data-e-type=\"widget\" data-widget_type=\"stal_core_icon_list_item.default\">\n\t\t\t\t<div class=\"elementor-widget-container\">\n\t\t\t\t\t<div class=\"qodef-icon-list-item qodef-icon--predefined qodef-alignment--center\" >\n\t<p class=\"qodef-e-title\" style=\"color: #747474\">\n\t\t\t\t\t<a itemprop=\"url\" href=\"#\" target=\"_self\">\n\t\t\t\t\t<span class=\"qodef-e-title-inner\">\n\t\t\t\t<span class=\"qodef-m-predefined-icon\">\n\t<span class=\"qodef-icon-linea-icons icon-arrows-right\" ><\/span><\/span>\t\t\t\t<span class=\"qodef-e-title-text\" >Documento C<\/span>\n\t\t\t<\/span>\n\t\t\t\t\t<\/a>\n\t\t\t<\/p>\n<\/div>\t\t\t\t<\/div>\n\t\t\t\t<\/div>\n\t\t\t\t<div class=\"elementor-element elementor-element-7f3abaf elementor-widget elementor-widget-stal_core_icon_list_item\" data-id=\"7f3abaf\" data-element_type=\"widget\" data-e-type=\"widget\" data-widget_type=\"stal_core_icon_list_item.default\">\n\t\t\t\t<div class=\"elementor-widget-container\">\n\t\t\t\t\t<div class=\"qodef-icon-list-item qodef-icon--predefined qodef-alignment--center\" >\n\t<p class=\"qodef-e-title\" style=\"color: #747474\">\n\t\t\t\t\t<a itemprop=\"url\" href=\"#\" target=\"_self\">\n\t\t\t\t\t<span class=\"qodef-e-title-inner\">\n\t\t\t\t<span class=\"qodef-m-predefined-icon\">\n\t<span class=\"qodef-icon-linea-icons icon-arrows-right\" ><\/span><\/span>\t\t\t\t<span class=\"qodef-e-title-text\" >Documento D<\/span>\n\t\t\t<\/span>\n\t\t\t\t\t<\/a>\n\t\t\t<\/p>\n<\/div>\t\t\t\t<\/div>\n\t\t\t\t<\/div>\n\t\t\t\t<div class=\"elementor-element elementor-element-cf35fbb elementor-widget elementor-widget-stal_core_icon_list_item\" data-id=\"cf35fbb\" data-element_type=\"widget\" data-e-type=\"widget\" data-widget_type=\"stal_core_icon_list_item.default\">\n\t\t\t\t<div class=\"elementor-widget-container\">\n\t\t\t\t\t<div class=\"qodef-icon-list-item qodef-icon--predefined qodef-alignment--center\" >\n\t<p class=\"qodef-e-title\" style=\"color: #747474\">\n\t\t\t\t\t<a itemprop=\"url\" href=\"#\" target=\"_self\">\n\t\t\t\t\t<span class=\"qodef-e-title-inner\">\n\t\t\t\t<span class=\"qodef-m-predefined-icon\">\n\t<span class=\"qodef-icon-linea-icons icon-arrows-right\" ><\/span><\/span>\t\t\t\t<span class=\"qodef-e-title-text\" >Documento E<\/span>\n\t\t\t<\/span>\n\t\t\t\t\t<\/a>\n\t\t\t<\/p>\n<\/div>\t\t\t\t<\/div>\n\t\t\t\t<\/div>\n\t\t\t\t\t<\/div>\n\t\t<\/div>\n\t\t\t\t<div class=\"elementor-column elementor-col-50 elementor-top-column elementor-element elementor-element-fff606b\" data-id=\"fff606b\" data-element_type=\"column\" data-e-type=\"column\">\n\t\t\t<div class=\"elementor-widget-wrap elementor-element-populated\">\n\t\t\t\t\t\t<div class=\"elementor-element elementor-element-25ac7dd elementor-widget elementor-widget-stal_core_icon_list_item\" data-id=\"25ac7dd\" data-element_type=\"widget\" data-e-type=\"widget\" data-widget_type=\"stal_core_icon_list_item.default\">\n\t\t\t\t<div class=\"elementor-widget-container\">\n\t\t\t\t\t<div class=\"qodef-icon-list-item qodef-icon--predefined qodef-alignment--center\" >\n\t<p class=\"qodef-e-title\" style=\"color: #747474\">\n\t\t\t\t\t<a itemprop=\"url\" href=\"#\" target=\"_self\">\n\t\t\t\t\t<span class=\"qodef-e-title-inner\">\n\t\t\t\t<span class=\"qodef-m-predefined-icon\">\n\t<span class=\"qodef-icon-linea-icons icon-arrows-right\" ><\/span><\/span>\t\t\t\t<span class=\"qodef-e-title-text\" >Documento A<\/span>\n\t\t\t<\/span>\n\t\t\t\t\t<\/a>\n\t\t\t<\/p>\n<\/div>\t\t\t\t<\/div>\n\t\t\t\t<\/div>\n\t\t\t\t<div class=\"elementor-element elementor-element-f7edd5b elementor-widget elementor-widget-stal_core_icon_list_item\" data-id=\"f7edd5b\" data-element_type=\"widget\" data-e-type=\"widget\" data-widget_type=\"stal_core_icon_list_item.default\">\n\t\t\t\t<div class=\"elementor-widget-container\">\n\t\t\t\t\t<div class=\"qodef-icon-list-item qodef-icon--predefined qodef-alignment--center\" >\n\t<p class=\"qodef-e-title\" style=\"color: #747474\">\n\t\t\t\t\t<a itemprop=\"url\" href=\"#\" target=\"_self\">\n\t\t\t\t\t<span class=\"qodef-e-title-inner\">\n\t\t\t\t<span class=\"qodef-m-predefined-icon\">\n\t<span class=\"qodef-icon-linea-icons icon-arrows-right\" ><\/span><\/span>\t\t\t\t<span class=\"qodef-e-title-text\" >Documento B<\/span>\n\t\t\t<\/span>\n\t\t\t\t\t<\/a>\n\t\t\t<\/p>\n<\/div>\t\t\t\t<\/div>\n\t\t\t\t<\/div>\n\t\t\t\t<div class=\"elementor-element elementor-element-e4b0635 elementor-widget elementor-widget-stal_core_icon_list_item\" data-id=\"e4b0635\" data-element_type=\"widget\" data-e-type=\"widget\" data-widget_type=\"stal_core_icon_list_item.default\">\n\t\t\t\t<div class=\"elementor-widget-container\">\n\t\t\t\t\t<div class=\"qodef-icon-list-item qodef-icon--predefined qodef-alignment--center\" >\n\t<p class=\"qodef-e-title\" style=\"color: #747474\">\n\t\t\t\t\t<a itemprop=\"url\" href=\"#\" target=\"_self\">\n\t\t\t\t\t<span class=\"qodef-e-title-inner\">\n\t\t\t\t<span class=\"qodef-m-predefined-icon\">\n\t<span class=\"qodef-icon-linea-icons icon-arrows-right\" ><\/span><\/span>\t\t\t\t<span class=\"qodef-e-title-text\" >Documento C<\/span>\n\t\t\t<\/span>\n\t\t\t\t\t<\/a>\n\t\t\t<\/p>\n<\/div>\t\t\t\t<\/div>\n\t\t\t\t<\/div>\n\t\t\t\t<div class=\"elementor-element elementor-element-4d0e142 elementor-widget elementor-widget-stal_core_icon_list_item\" data-id=\"4d0e142\" data-element_type=\"widget\" data-e-type=\"widget\" data-widget_type=\"stal_core_icon_list_item.default\">\n\t\t\t\t<div class=\"elementor-widget-container\">\n\t\t\t\t\t<div class=\"qodef-icon-list-item qodef-icon--predefined qodef-alignment--center\" >\n\t<p class=\"qodef-e-title\" style=\"color: #747474\">\n\t\t\t\t\t<a itemprop=\"url\" href=\"#\" target=\"_self\">\n\t\t\t\t\t<span class=\"qodef-e-title-inner\">\n\t\t\t\t<span class=\"qodef-m-predefined-icon\">\n\t<span class=\"qodef-icon-linea-icons icon-arrows-right\" ><\/span><\/span>\t\t\t\t<span class=\"qodef-e-title-text\" >Documento D<\/span>\n\t\t\t<\/span>\n\t\t\t\t\t<\/a>\n\t\t\t<\/p>\n<\/div>\t\t\t\t<\/div>\n\t\t\t\t<\/div>\n\t\t\t\t<div class=\"elementor-element elementor-element-39f9ae1 elementor-widget elementor-widget-stal_core_icon_list_item\" data-id=\"39f9ae1\" data-element_type=\"widget\" data-e-type=\"widget\" data-widget_type=\"stal_core_icon_list_item.default\">\n\t\t\t\t<div class=\"elementor-widget-container\">\n\t\t\t\t\t<div class=\"qodef-icon-list-item qodef-icon--predefined qodef-alignment--center\" >\n\t<p class=\"qodef-e-title\" style=\"color: #747474\">\n\t\t\t\t\t<a itemprop=\"url\" href=\"#\" target=\"_self\">\n\t\t\t\t\t<span class=\"qodef-e-title-inner\">\n\t\t\t\t<span class=\"qodef-m-predefined-icon\">\n\t<span class=\"qodef-icon-linea-icons icon-arrows-right\" ><\/span><\/span>\t\t\t\t<span class=\"qodef-e-title-text\" >Documento E<\/span>\n\t\t\t<\/span>\n\t\t\t\t\t<\/a>\n\t\t\t<\/p>\n<\/div>\t\t\t\t<\/div>\n\t\t\t\t<\/div>\n\t\t\t\t\t<\/div>\n\t\t<\/div>\n\t\t\t\t\t<\/div>\n\t\t<\/section>\n\t\t\t\t<section class=\"elementor-section elementor-top-section elementor-element elementor-element-73171ad elementor-section-height-min-height cta elementor-section-full_width elementor-section-height-default elementor-section-items-middle qodef-elementor-content-no\" data-id=\"73171ad\" data-element_type=\"section\" data-e-type=\"section\" data-settings=\"{&quot;background_background&quot;:&quot;classic&quot;}\">\n\t\t\t\t\t\t\t<div class=\"elementor-background-overlay\"><\/div>\n\t\t\t\t\t\t\t<div class=\"elementor-container elementor-column-gap-default\">\n\t\t\t\t\t<div class=\"elementor-column elementor-col-50 elementor-top-column elementor-element elementor-element-96233cb\" data-id=\"96233cb\" data-element_type=\"column\" data-e-type=\"column\">\n\t\t\t<div class=\"elementor-widget-wrap elementor-element-populated\">\n\t\t\t\t\t\t<div class=\"elementor-element elementor-element-e6ef6e0 elementor-widget__width-initial elementor-widget elementor-widget-stal_core_section_title\" data-id=\"e6ef6e0\" data-element_type=\"widget\" data-e-type=\"widget\" data-widget_type=\"stal_core_section_title.default\">\n\t\t\t\t<div class=\"elementor-widget-container\">\n\t\t\t\t\t<div class=\"qodef-shortcode qodef-m  qodef-section-title qodef-alignment--left\">\n\t\t<div class=\"qodef-m-title-wrap\">\n\t\t<h3 class=\"qodef-m-title\" style=\"color: #FFFFFF\">\n\t\t\t\t\tInterested in our products?<br \/>\t\t\t<\/h3>\n\t\n\t<\/div>\n\t<\/div>\t\t\t\t<\/div>\n\t\t\t\t<\/div>\n\t\t\t\t<div class=\"elementor-element elementor-element-35019e8 elementor-widget elementor-widget-text-editor\" data-id=\"35019e8\" data-element_type=\"widget\" data-e-type=\"widget\" data-widget_type=\"text-editor.default\">\n\t\t\t\t<div class=\"elementor-widget-container\">\n\t\t\t\t\t\t\t\t\t<p>Get additional information about our products and services. Fill out the form and receive a personalized solution to your needs.<\/p>\t\t\t\t\t\t\t\t<\/div>\n\t\t\t\t<\/div>\n\t\t\t\t\t<\/div>\n\t\t<\/div>\n\t\t\t\t<div class=\"elementor-column elementor-col-50 elementor-top-column elementor-element elementor-element-1b83f99\" data-id=\"1b83f99\" data-element_type=\"column\" data-e-type=\"column\">\n\t\t\t<div class=\"elementor-widget-wrap elementor-element-populated\">\n\t\t\t\t\t\t<div class=\"elementor-element elementor-element-4c81ccc popmake-6739 elementor-widget elementor-widget-stal_core_button\" data-id=\"4c81ccc\" data-element_type=\"widget\" data-e-type=\"widget\" data-widget_type=\"stal_core_button.default\">\n\t\t\t\t<div class=\"elementor-widget-container\">\n\t\t\t\t\t<a class=\"qodef-shortcode qodef-m  qodef-button qodef-layout--splitted  qodef-html--link\" href=\"\" target=\"_self\"  >\r\n    <span class=\"qodef-m-text\">\r\n        Contact Us        <svg class=\"qodef-m-arrowline\" xmlns=\"http:\/\/www.w3.org\/2000\/svg\" xmlns:xlink=\"http:\/\/www.w3.org\/1999\/xlink\" x=\"0px\" y=\"0px\" viewbox=\"0 0 63 20\" xml:space=\"preserve\">\n                            <line x1=\"61.6\" y1=\"10\" x2=\"61.6\" y2=\"10\"\/>\n                            <line x1=\"62\" y1=\"10\" x2=\"61.6\" y2=\"10\"\/>\n                            <line x1=\"61.6\" y1=\"10\" x2=\"1\" y2=\"10\"\/>\n                            <path d=\"M61.6,10\"\/>\n                            <line x1=\"61.6\" y1=\"10\" x2=\"61.6\" y2=\"10\"\/>\n                            <line class=\"arrow-up\" x1=\"56.7\" y1=\"5.1\" x2=\"61.6\" y2=\"10\"\/>\n                            <path d=\"M61.6,10\"\/>\n                            <line x1=\"61.6\" y1=\"10\" x2=\"61.6\" y2=\"10\"\/>\n                            <line class=\"arrow-down\" x1=\"61.6\" y1=\"10\" x2=\"56.7\" y2=\"14.9\"\/>\n                        <\/svg>    <\/span>\r\n    <span class=\"qodef-m-split qodef-split--up\"><\/span>\r\n    <span class=\"qodef-m-split qodef-split--down\"><\/span>\r\n<\/a>\r\n\t\t\t\t<\/div>\n\t\t\t\t<\/div>\n\t\t\t\t\t<\/div>\n\t\t<\/div>\n\t\t\t\t\t<\/div>\n\t\t<\/section>\n\t\t\t\t<\/div>","protected":false},"excerpt":{"rendered":"<p>Documenta\u00e7\u00e3o SPM Documenta\u00e7\u00e3o Valorizamos a partilha de conhecimento e estamos empenhados em fornecer recursos que possam apoiar as suas decis\u00f5es informadas e a colabora\u00e7\u00e3o eficaz. Aqui, pode encontrar informa\u00e7\u00f5es essenciais sobre as condi\u00e7\u00f5es gerais de venda. Documento A Documento B Documento C Documento D Documento E Documento A Documento B Documento C Documento D Documento [&hellip;]<\/p>\n","protected":false},"author":1,"featured_media":0,"parent":0,"menu_order":0,"comment_status":"closed","ping_status":"closed","template":"page-full-width.php","meta":{"footnotes":""},"class_list":["post-5934","page","type-page","status-publish","hentry"],"yoast_head":"<!-- This site is optimized with the Yoast SEO plugin v27.4 - https:\/\/yoast.com\/product\/yoast-seo-wordpress\/ -->\n<title>Documenta\u00e7\u00e3o - SPM Group<\/title>\n<meta name=\"robots\" content=\"index, follow, max-snippet:-1, max-image-preview:large, max-video-preview:-1\" \/>\n<link rel=\"canonical\" href=\"https:\/\/spmgrupo.pt\/en\/documentacao\/\" \/>\n<meta property=\"og:locale\" content=\"en_GB\" \/>\n<meta property=\"og:type\" content=\"article\" \/>\n<meta property=\"og:title\" content=\"Documenta\u00e7\u00e3o - SPM Group\" \/>\n<meta property=\"og:description\" content=\"Documenta\u00e7\u00e3o SPM Documenta\u00e7\u00e3o Valorizamos a partilha de conhecimento e estamos empenhados em fornecer recursos que possam apoiar as suas decis\u00f5es informadas e a colabora\u00e7\u00e3o eficaz. Aqui, pode encontrar informa\u00e7\u00f5es essenciais sobre as condi\u00e7\u00f5es gerais de venda. Documento A Documento B Documento C Documento D Documento E Documento A Documento B Documento C Documento D Documento [&hellip;]\" \/>\n<meta property=\"og:url\" content=\"https:\/\/spmgrupo.pt\/en\/documentacao\/\" \/>\n<meta property=\"og:site_name\" content=\"SPM Group\" \/>\n<meta property=\"article:modified_time\" content=\"2023-10-23T11:04:00+00:00\" \/>\n<meta name=\"twitter:card\" content=\"summary_large_image\" \/>\n<meta name=\"twitter:label1\" content=\"Estimated reading time\" \/>\n\t<meta name=\"twitter:data1\" content=\"1 minute\" \/>\n<script type=\"application\/ld+json\" class=\"yoast-schema-graph\">{\"@context\":\"https:\\\/\\\/schema.org\",\"@graph\":[{\"@type\":\"WebPage\",\"@id\":\"https:\\\/\\\/spmgrupo.pt\\\/documentacao\\\/\",\"url\":\"https:\\\/\\\/spmgrupo.pt\\\/documentacao\\\/\",\"name\":\"Documenta\u00e7\u00e3o - SPM Group\",\"isPartOf\":{\"@id\":\"https:\\\/\\\/spmgrupo.pt\\\/#website\"},\"datePublished\":\"2023-08-29T12:04:04+00:00\",\"dateModified\":\"2023-10-23T11:04:00+00:00\",\"breadcrumb\":{\"@id\":\"https:\\\/\\\/spmgrupo.pt\\\/documentacao\\\/#breadcrumb\"},\"inLanguage\":\"en-GB\",\"potentialAction\":[{\"@type\":\"ReadAction\",\"target\":[\"https:\\\/\\\/spmgrupo.pt\\\/documentacao\\\/\"]}]},{\"@type\":\"BreadcrumbList\",\"@id\":\"https:\\\/\\\/spmgrupo.pt\\\/documentacao\\\/#breadcrumb\",\"itemListElement\":[{\"@type\":\"ListItem\",\"position\":1,\"name\":\"Home\",\"item\":\"https:\\\/\\\/spmgrupo.pt\\\/\"},{\"@type\":\"ListItem\",\"position\":2,\"name\":\"Documenta\u00e7\u00e3o\"}]},{\"@type\":\"WebSite\",\"@id\":\"https:\\\/\\\/spmgrupo.pt\\\/#website\",\"url\":\"https:\\\/\\\/spmgrupo.pt\\\/\",\"name\":\"SPM Group\",\"description\":\"Sociedade Pedreiras do Marco\",\"potentialAction\":[{\"@type\":\"SearchAction\",\"target\":{\"@type\":\"EntryPoint\",\"urlTemplate\":\"https:\\\/\\\/spmgrupo.pt\\\/?s={search_term_string}\"},\"query-input\":{\"@type\":\"PropertyValueSpecification\",\"valueRequired\":true,\"valueName\":\"search_term_string\"}}],\"inLanguage\":\"en-GB\"}]}<\/script>\n<!-- \/ Yoast SEO plugin. -->","yoast_head_json":{"title":"Documenta\u00e7\u00e3o - SPM Group","robots":{"index":"index","follow":"follow","max-snippet":"max-snippet:-1","max-image-preview":"max-image-preview:large","max-video-preview":"max-video-preview:-1"},"canonical":"https:\/\/spmgrupo.pt\/en\/documentacao\/","og_locale":"en_GB","og_type":"article","og_title":"Documenta\u00e7\u00e3o - SPM Group","og_description":"Documenta\u00e7\u00e3o SPM Documenta\u00e7\u00e3o Valorizamos a partilha de conhecimento e estamos empenhados em fornecer recursos que possam apoiar as suas decis\u00f5es informadas e a colabora\u00e7\u00e3o eficaz. Aqui, pode encontrar informa\u00e7\u00f5es essenciais sobre as condi\u00e7\u00f5es gerais de venda. Documento A Documento B Documento C Documento D Documento E Documento A Documento B Documento C Documento D Documento [&hellip;]","og_url":"https:\/\/spmgrupo.pt\/en\/documentacao\/","og_site_name":"SPM Group","article_modified_time":"2023-10-23T11:04:00+00:00","twitter_card":"summary_large_image","twitter_misc":{"Estimated reading time":"1 minute"},"schema":{"@context":"https:\/\/schema.org","@graph":[{"@type":"WebPage","@id":"https:\/\/spmgrupo.pt\/documentacao\/","url":"https:\/\/spmgrupo.pt\/documentacao\/","name":"Documenta\u00e7\u00e3o - SPM Group","isPartOf":{"@id":"https:\/\/spmgrupo.pt\/#website"},"datePublished":"2023-08-29T12:04:04+00:00","dateModified":"2023-10-23T11:04:00+00:00","breadcrumb":{"@id":"https:\/\/spmgrupo.pt\/documentacao\/#breadcrumb"},"inLanguage":"en-GB","potentialAction":[{"@type":"ReadAction","target":["https:\/\/spmgrupo.pt\/documentacao\/"]}]},{"@type":"BreadcrumbList","@id":"https:\/\/spmgrupo.pt\/documentacao\/#breadcrumb","itemListElement":[{"@type":"ListItem","position":1,"name":"Home","item":"https:\/\/spmgrupo.pt\/"},{"@type":"ListItem","position":2,"name":"Documenta\u00e7\u00e3o"}]},{"@type":"WebSite","@id":"https:\/\/spmgrupo.pt\/#website","url":"https:\/\/spmgrupo.pt\/","name":"SPM Group","description":"Sociedade Pedreiras do Marco","potentialAction":[{"@type":"SearchAction","target":{"@type":"EntryPoint","urlTemplate":"https:\/\/spmgrupo.pt\/?s={search_term_string}"},"query-input":{"@type":"PropertyValueSpecification","valueRequired":true,"valueName":"search_term_string"}}],"inLanguage":"en-GB"}]}},"_links":{"self":[{"href":"https:\/\/spmgrupo.pt\/en\/wp-json\/wp\/v2\/pages\/5934","targetHints":{"allow":["GET"]}}],"collection":[{"href":"https:\/\/spmgrupo.pt\/en\/wp-json\/wp\/v2\/pages"}],"about":[{"href":"https:\/\/spmgrupo.pt\/en\/wp-json\/wp\/v2\/types\/page"}],"author":[{"embeddable":true,"href":"https:\/\/spmgrupo.pt\/en\/wp-json\/wp\/v2\/users\/1"}],"replies":[{"embeddable":true,"href":"https:\/\/spmgrupo.pt\/en\/wp-json\/wp\/v2\/comments?post=5934"}],"version-history":[{"count":5,"href":"https:\/\/spmgrupo.pt\/en\/wp-json\/wp\/v2\/pages\/5934\/revisions"}],"predecessor-version":[{"id":9962,"href":"https:\/\/spmgrupo.pt\/en\/wp-json\/wp\/v2\/pages\/5934\/revisions\/9962"}],"wp:attachment":[{"href":"https:\/\/spmgrupo.pt\/en\/wp-json\/wp\/v2\/media?parent=5934"}],"curies":[{"name":"wp","href":"https:\/\/api.w.org\/{rel}","templated":true}]}}